{"id":216,"date":"2018-08-10T18:49:59","date_gmt":"2018-08-10T18:49:59","guid":{"rendered":"https:\/\/passo1.eu\/wp\/?page_id=216"},"modified":"2018-09-16T11:45:19","modified_gmt":"2018-09-16T11:45:19","slug":"corti","status":"publish","type":"page","link":"https:\/\/passo1.eu\/wp\/corti\/","title":{"rendered":"Corti"},"content":{"rendered":"<p>Durante il tour di <strong>Passo Uno <em>La Carovana del Cinema d&#8217;Animazione<\/em><\/strong>,\u00a0 in ognuna delle piazze dei sette Comuni partecipanti, sono stati proiettati i seguenti corti realizzati da giovani <strong>artisti italiani under 35<\/strong>.<\/p>\n<p><strong>HUMUS<\/strong><br \/>\nRegia\/Direction: Simone Cirillo, Simone Di Rocco, Dario Livietti, Alice Tagliapietra<br \/>\nMusica\/Music: Fulvio Chiara<br \/>\ndurata\/lenght: 7&#8217;22\u201d<br \/>\nAnno\/Year: 2017<br \/>\nProduzione: Centro Sperimentale di Cinematografia, Dip. Animazione, Sede del Piemonte<br \/>\nSenza dialogo\/without dialogue<\/p>\n<p style=\"text-align: justify;\">Il corto rivisita il tema dell&#8217;apprendista stregone: un ragazzino curioso e maldestro alle prese con gli esperimenti botanici di un allampanato Maestro Cervo. Una notte, il ragazzino, approfittando del sonno del maestro, gioca con la sua pentola magica sperimentando ogni possibile formula ed ingrediente e provocando alla fine un vero disastro. Dopo un intervento fallimentare del maestro, il ragazzo si trova ad affrontare da solo il problema.<\/p>\n<p style=\"text-align: center;\">\u00a0<iframe loading=\"lazy\" src=\"https:\/\/www.youtube.com\/embed\/gAgeph5ZjR0?rel=0\" width=\"560\" height=\"315\" frameborder=\"0\" allowfullscreen=\"allowfullscreen\"><\/iframe><\/p>\n<p><strong>EIDOS<br \/>\n<\/strong>Regia\/direction: Alberto Comerci e Elena Ortolan<br \/>\nDurata \/Lenght: 4&#8217;33\u201d<br \/>\nDialoghi\/Dialogues: no<br \/>\nAnno\/Year: 2016<br \/>\nProduzione: Centro Sperimentale di Cinematografia, Dip. Animazione, Sede del Piemonte<\/p>\n<p>Un personaggio, nudo in uno spazio vuoto, scopre che i suoi movimenti e i suoi gesti generano segni armoniosi nel bianco. La creatura comincia allora a danzare. Con energia e gioia crescenti d\u00e0 vita ad un universo di forme e di colori. Ma cadendo si render\u00e0 conto che quella danza, quella creazione, lo stanno consumando. &#8220;Eidos&#8221; \u00e8 un piccolo omaggio alla volont\u00e0 creativa.<\/p>\n<p style=\"text-align: center;\"><iframe loading=\"lazy\" src=\"https:\/\/www.youtube.com\/embed\/_XMLGS6EW7w?rel=0\" width=\"560\" height=\"315\" frameborder=\"0\" allowfullscreen=\"allowfullscreen\"><\/iframe><\/p>\n<p><strong>PIRCANTATURI<br \/>\n<\/strong>Regia\/direction:\u00a0Alice Buscaldi, Angela Conigliaro, Lorenzo Fresta<br \/>\nDurata\/Lenght: 5&#8217;41\u201d<br \/>\nAnno\/Year: 2015<br \/>\nDialoghi\/Dialogues: no;<br \/>\nProduzione: Centro Sperimentale di Cinematografia, Dip. Animazione, Sede del Piemonte<\/p>\n<p style=\"text-align: justify;\">Sicilia, 1930. Un brutto giorno un pircantaturi si appost\u00f2 davanti alla casa di Pino e della sua insopportabile moglie. Le conseguenze furono imprevedibili per tutti, compresa la capra di famiglia. Il compito di un \u201cpircantaturi\u201d, figura ormai scomparsa da tempo, era quello di appostarsi davanti alla casa di un debitore insolvente. La sua muta e continua presenza davanti alla porta di casa, bastava per marchiare il malcapitato come uomo senza onore.<\/p>\n<p style=\"text-align: center;\">\u00a0 <iframe loading=\"lazy\" src=\"https:\/\/www.youtube.com\/embed\/pttz29uHfrY?rel=0\" width=\"560\" height=\"315\" frameborder=\"0\" allowfullscreen=\"allowfullscreen\"><\/iframe><\/p>\n<p><strong>OFFICE KINGDOM<br \/>\n<\/strong>Regia\/direction:\u00a0Salvatore Centoducati, Eleonora Bertolucci, Giulio De Toma, Ruboffice en Pirito<br \/>\nDurata\/Lenght: 6&#8217;54\u201d<br \/>\nAnno\/Year: 2014<br \/>\nDialogo\/Dialogues: italiano; Sottotitoli\/Subtitel: English;<br \/>\nProduzione: Centro Sperimentale di Cinematografia, Dip. Animazione, Sede del Piemonte<\/p>\n<p>Che cosa diavolo mai star\u00e0 facendo l&#8217;impiegata dell&#8217;uffcio comunale quando sparisce per ore nel retro con il prezioso documento fra le mani? In un uffcio pubblico il cliente aspetta l&#8217;approvazione della sua pratica, ma per l&#8217;impiegata di turno ottenere quel timbro non sar\u00e0 davvero un&#8217;impresa facile. Uno sguardo sulla burocrazia da un punto di vista diverso.<\/p>\n<p>&nbsp;<\/p>\n<p><center><iframe loading=\"lazy\" src=\"https:\/\/www.youtube.com\/embed\/vJlxHCJK-P0?rel=0\" width=\"560\" height=\"315\" frameborder=\"0\" allowfullscreen=\"allowfullscreen\"><\/iframe><\/center>&nbsp;<\/p>\n<p><strong>IL PASTICCERE\u00a0<\/strong>\/<strong> MAITRE PATISSIER<\/strong><br \/>\nRegia \/direction: Alberto Antinori, Adolfo di Molfetta, Giulia Landi, Eugenio Laviola<br \/>\nMusica\/Music: Fulvio Chiara<br \/>\nDurata\/Lenght:\u00a06\u2019 35\u201d<br \/>\nAnno\/Year: 2010<br \/>\nDialogo\/Dialogues: no<br \/>\nProduzione: Centro Sperimentale di Cinematografia, Dip. Animazione, Sede del Piemonte<\/p>\n<p>Creatore di dolci sublimi, il Pasticcere vive un\u2019acuta nevrosi: ama profondamente il suo lavoro ma detesta gli ingordi e grossolani clienti che si ingozzano dei suoi capolavori. Un giorno per\u00f2 una creatura gentile gli dimostra che qualcuno pu\u00f2 apprezzare davvero la sua opera.<\/p>\n<p>&nbsp;<\/p>\n<p><center><iframe loading=\"lazy\" src=\"https:\/\/www.youtube.com\/embed\/SQfOGu2qh8c?rel=0\" width=\"560\" height=\"315\" frameborder=\"0\" allowfullscreen=\"allowfullscreen\"><\/iframe><\/center><strong>I MOSTRI NON ESISTONO<\/strong><br \/>\nRegia \/direction: Ilaria Angelini, Luca Barberis Organista, Nicola Bernardi<br \/>\nDurata\/Lenght:\u00a03\u201923\u201d<br \/>\nAnno\/Year: 2017<\/p>\n<p>Tommaso e Giovanni sono due ragazzini un po\u2019 pestiferi, che si ritrovano di nuovo in punizione per aver disturbato la lezione, dovendo cos\u00ec rimanere in classe con la signora Maestra durante la ricreazione. Ma anzich\u00e9 eseguire il compito assegnato loro, continuano a punzecchiarsi disegnando mostri sempre pi\u00f9 tremendi e fantasiosi. Le conseguenze del bisticcio saranno imprevedibili.<\/p>\n<p>&nbsp;<\/p>\n<p><center><iframe loading=\"lazy\" src=\"https:\/\/www.youtube.com\/embed\/HuqDNK-GJbE?rel=0\" width=\"560\" height=\"315\" frameborder=\"0\" allowfullscreen=\"allowfullscreen\"><\/iframe><\/center>&nbsp;<\/p>\n<p><strong>LO STEINWAY<br \/>\n<\/strong>Regia \/direction: Massimo Ottoni<br \/>\nDurata\/Lenght:\u00a017&#8217;28&#8221;<br \/>\nAnno\/Year: 2016<br \/>\nSceneggiatura: Andrea Molesini<br \/>\nFotografia: Massimo Ottoni<br \/>\nMontaggio: Salvatore Centoducati, Massimo Ottoni<br \/>\nScenografia: Martina Carosso, Francesca Quatraro, Chiara Tessera<br \/>\nMusica originale: Fabio Barovero<br \/>\nSuono:\u00a0 Vito Martinelli (Sound designer) con Zero dB<br \/>\nAltri credits: Linda Kelvink, Massimo Ottoni, Mathieu Narduzzi, Francesca Quatraro (Animazione). Vito Martinelli (Sound design)<br \/>\nProduttore: Sergio Toffetti<br \/>\nProduzione: Istituto Luce Cinecitt\u00e0 in collaborazione con CSC Animazione, Sede del Piemonte (Torino)<br \/>\nCon il sostegno di Film Commission Torino Piemonte<br \/>\nDistribuzione\/Diffusione: Istituto Luce-Cinecitt\u00e0<\/p>\n<p>Durante la Grande Guerra in una trincea austriaca sul fronte italiano seguiamo le vicende di alcuni soldati. \u00c8 un periodo di stasi tra una battaglia e un&#8217;altra e tra i due fronti si \u00e8 creato un implicito e fragile accordo di non belligeranza. Nel corso una ricognizione gli austriaci trovano in un rudere un vecchio pianoforte e lo portano nella trincea, un ex concertista tra i soldati inizia a suonare e la musica fa dimenticare la distanza tra i due fronti creando uno strano sentimento di fratellanza, sempre minato dall&#8217;imminenza di una possibile rottura dell&#8217;equilibrio. L\u2019intesa tra i due fronti cresce con il passare dei giorni e dei concerti, per un attimo la guerra sembra un ricordo distante. Ma un cambio di guardia o un comando dall&#8217;alto possono spazzare via in un soffio ogni speranza, e riportare gli uomini alle fattezze di soldati nemici.<\/p>\n<p><center><iframe loading=\"lazy\" src=\"https:\/\/player.vimeo.com\/video\/276446050\" width=\"640\" height=\"360\" frameborder=\"0\" allowfullscreen=\"allowfullscreen\"><\/iframe><\/center><strong>OSSA<br \/>\n<\/strong>Regia: Dario Imbrogno<br \/>\nAnno di produzione: 2016<br \/>\nDurata: 3&#8242; 55&#8221;<br \/>\nProduzione: Withstand; in collaborazione con Panalight<\/p>\n<p style=\"text-align: justify;\">La messa in scena del conflitto tra la volont\u00e0 di vivere, di fare, e il controllo reale che abbiamo nel vivere e nel fare quel qualcosa attraverso la danza destrutturata, a livello materiale e temporale, di un a marionetta di legno.<\/p>\n<p style=\"text-align: center;\">\u00a0<iframe loading=\"lazy\" src=\"https:\/\/www.youtube.com\/embed\/0dBziRMXAYM?rel=0\" width=\"560\" height=\"315\" frameborder=\"0\" allowfullscreen=\"allowfullscreen\"><\/iframe><\/p>\n<p style=\"text-align: justify;\"><strong>THE N.A.P.<\/strong> (not a problem)<br \/>\nRegia: Adolfo di Molfetta<br \/>\nAnno di produzione: 2017<br \/>\nDurata: 9&#8242;<br \/>\nDistributore: Premiere Film<br \/>\nUna sbirciata in una cartoonia dove tutto \u00e8 improvvisato.<\/p>\n<p style=\"text-align: center;\">\u00a0<iframe loading=\"lazy\" src=\"https:\/\/www.youtube.com\/embed\/KZh1W3Yymjc?rel=0\" width=\"560\" height=\"315\" frameborder=\"0\" allowfullscreen=\"allowfullscreen\"><\/iframe><\/p>\n<p><strong>LIMITES<\/strong><br \/>\nRegia: Giulia Landi<br \/>\nSoggetto e sceneggiatura: Giulia Landi, Tommaso Perfetti<br \/>\nAnimazione: Giulia Landi, Amanda Gil Perez<br \/>\nMontaggio: Remi Sagot-Duvauroux<br \/>\nMusica e suono: Wiet Langeller<br \/>\nProduzione: ENECEfilm Archivio di Etnografia e Storia Sociale di Regione Lombardia<br \/>\nPaese: Italia, Francia<br \/>\nAnno: 2016<br \/>\nDurata: 5&#8242;<\/p>\n<p>La routine soffocante di una metropoli ai piedi delle Alpi spinge una giovane ragazza a idealizzare una vita alternativa in montagna, e a partire, nell&#8217;intento di realizzare il suo sogno. Ma l&#8217;immagine di una natura unicamente benevola e idilliaca non corrisponde alla realt\u00e0.<\/p>\n<p style=\"text-align: center;\">\u00a0<iframe loading=\"lazy\" src=\"https:\/\/www.youtube.com\/embed\/n0KWG9kFOcA?rel=0\" width=\"560\" height=\"315\" frameborder=\"0\" allowfullscreen=\"allowfullscreen\"><\/iframe><\/p>\n<p><strong>SIMPOSIO SUINO IN RE MINORE<\/strong><br \/>\nRegia: Francesco Filippini<br \/>\nSoggetto e sceneggiatura: Francesco Filippini<br \/>\nAnimazione: Nicoletta Silvestri<br \/>\nMontaggio: Francesco Filippini<br \/>\nMusica: Luigi Scialdone<br \/>\nProduzione: Skydancer<br \/>\nDistribuzione: Rai Cinema<br \/>\nPaese: Italia<br \/>\nAnno: 2017<br \/>\nDurata: 10&#8242;<\/p>\n<p>In un territorio di spiriti e leggende, un maiale vive in un panificio immerso nel verde di un bosco, insieme ad un&#8217;anziana cuoca. Un litigio tra i due sveler\u00e0 le vere intenzioni ed i sentimenti di entrambi, indispettendo lo spirito che anima il forno&#8230;<\/p>\n<p><center><iframe loading=\"lazy\" src=\"\/\/www.dailymotion.com\/embed\/video\/x6coaka\" width=\"480\" height=\"270\" frameborder=\"0\" allowfullscreen=\"allowfullscreen\"><\/iframe><\/center><strong>FRANK<\/strong><br \/>\nRegia: Filippo di Piramo<br \/>\nAnimazione: Filippo di Piramo, Dennis Pezzolato<br \/>\nPaese: Italia<br \/>\nAnno: 2018<br \/>\nDurata: 5,41&#8242;<\/p>\n<p>Ogni volta che Frank guarda se stesso cade in uno stato di alienazione mentale: entra dentro il suo Io e viene tormentato dalle paranoie che infestano la sua mente.<\/p>\n<p><center><iframe loading=\"lazy\" src=\"https:\/\/www.youtube.com\/embed\/TUHCpwxH_-0?rel=0\" width=\"560\" height=\"315\" frameborder=\"0\" allowfullscreen=\"allowfullscreen\"><\/iframe><\/center><\/p>\n","protected":false},"excerpt":{"rendered":"<p>Durante il tour di Passo Uno La Carovana del Cinema d&#8217;Animazione,\u00a0 in ognuna delle piazze dei sette Comuni partecipanti, sono stati proiettati i seguenti corti realizzati da giovani artisti italiani under 35. HUMUS Regia\/Direction: Simone Cirillo, Simone Di Rocco, Dario [&hellip;]<\/p>\n","protected":false},"author":1,"featured_media":0,"parent":0,"menu_order":0,"comment_status":"closed","ping_status":"closed","template":"","meta":{"_acf_changed":false,"_crdt_document":"","footnotes":""},"class_list":["post-216","page","type-page","status-publish","hentry"],"acf":[],"yoast_head":"<!-- This site is optimized with the Yoast SEO plugin v27.4 - https:\/\/yoast.com\/product\/yoast-seo-wordpress\/ -->\n<title>Corti - Passo Uno<\/title>\n<meta name=\"robots\" content=\"index, follow, max-snippet:-1, max-image-preview:large, max-video-preview:-1\" \/>\n<link rel=\"canonical\" href=\"https:\/\/passo1.eu\/wp\/corti\/\" \/>\n<meta property=\"og:locale\" content=\"it_IT\" \/>\n<meta property=\"og:type\" content=\"article\" \/>\n<meta property=\"og:title\" content=\"Corti - Passo Uno\" \/>\n<meta property=\"og:description\" content=\"Durante il tour di Passo Uno La Carovana del Cinema d&#8217;Animazione,\u00a0 in ognuna delle piazze dei sette Comuni partecipanti, sono stati proiettati i seguenti corti realizzati da giovani artisti italiani under 35. HUMUS Regia\/Direction: Simone Cirillo, Simone Di Rocco, Dario [&hellip;]\" \/>\n<meta property=\"og:url\" content=\"https:\/\/passo1.eu\/wp\/corti\/\" \/>\n<meta property=\"og:site_name\" content=\"Passo Uno\" \/>\n<meta property=\"article:modified_time\" content=\"2018-09-16T11:45:19+00:00\" \/>\n<meta name=\"twitter:card\" content=\"summary_large_image\" \/>\n<meta name=\"twitter:label1\" content=\"Tempo di lettura stimato\" \/>\n\t<meta name=\"twitter:data1\" content=\"5 minuti\" \/>\n<script type=\"application\/ld+json\" class=\"yoast-schema-graph\">{\"@context\":\"https:\\\/\\\/schema.org\",\"@graph\":[{\"@type\":\"WebPage\",\"@id\":\"https:\\\/\\\/passo1.eu\\\/wp\\\/corti\\\/\",\"url\":\"https:\\\/\\\/passo1.eu\\\/wp\\\/corti\\\/\",\"name\":\"Corti - Passo Uno\",\"isPartOf\":{\"@id\":\"https:\\\/\\\/passo1.eu\\\/wp\\\/#website\"},\"datePublished\":\"2018-08-10T18:49:59+00:00\",\"dateModified\":\"2018-09-16T11:45:19+00:00\",\"breadcrumb\":{\"@id\":\"https:\\\/\\\/passo1.eu\\\/wp\\\/corti\\\/#breadcrumb\"},\"inLanguage\":\"it-IT\",\"potentialAction\":[{\"@type\":\"ReadAction\",\"target\":[\"https:\\\/\\\/passo1.eu\\\/wp\\\/corti\\\/\"]}]},{\"@type\":\"BreadcrumbList\",\"@id\":\"https:\\\/\\\/passo1.eu\\\/wp\\\/corti\\\/#breadcrumb\",\"itemListElement\":[{\"@type\":\"ListItem\",\"position\":1,\"name\":\"Home\",\"item\":\"https:\\\/\\\/passo1.eu\\\/wp\\\/\"},{\"@type\":\"ListItem\",\"position\":2,\"name\":\"Corti\"}]},{\"@type\":\"WebSite\",\"@id\":\"https:\\\/\\\/passo1.eu\\\/wp\\\/#website\",\"url\":\"https:\\\/\\\/passo1.eu\\\/wp\\\/\",\"name\":\"Passo Uno\",\"description\":\"La Carovana del Cinema d&#039;Animazione\",\"potentialAction\":[{\"@type\":\"SearchAction\",\"target\":{\"@type\":\"EntryPoint\",\"urlTemplate\":\"https:\\\/\\\/passo1.eu\\\/wp\\\/?s={search_term_string}\"},\"query-input\":{\"@type\":\"PropertyValueSpecification\",\"valueRequired\":true,\"valueName\":\"search_term_string\"}}],\"inLanguage\":\"it-IT\"}]}<\/script>\n<!-- \/ Yoast SEO plugin. -->","yoast_head_json":{"title":"Corti - Passo Uno","robots":{"index":"index","follow":"follow","max-snippet":"max-snippet:-1","max-image-preview":"max-image-preview:large","max-video-preview":"max-video-preview:-1"},"canonical":"https:\/\/passo1.eu\/wp\/corti\/","og_locale":"it_IT","og_type":"article","og_title":"Corti - Passo Uno","og_description":"Durante il tour di Passo Uno La Carovana del Cinema d&#8217;Animazione,\u00a0 in ognuna delle piazze dei sette Comuni partecipanti, sono stati proiettati i seguenti corti realizzati da giovani artisti italiani under 35. HUMUS Regia\/Direction: Simone Cirillo, Simone Di Rocco, Dario [&hellip;]","og_url":"https:\/\/passo1.eu\/wp\/corti\/","og_site_name":"Passo Uno","article_modified_time":"2018-09-16T11:45:19+00:00","twitter_card":"summary_large_image","twitter_misc":{"Tempo di lettura stimato":"5 minuti"},"schema":{"@context":"https:\/\/schema.org","@graph":[{"@type":"WebPage","@id":"https:\/\/passo1.eu\/wp\/corti\/","url":"https:\/\/passo1.eu\/wp\/corti\/","name":"Corti - Passo Uno","isPartOf":{"@id":"https:\/\/passo1.eu\/wp\/#website"},"datePublished":"2018-08-10T18:49:59+00:00","dateModified":"2018-09-16T11:45:19+00:00","breadcrumb":{"@id":"https:\/\/passo1.eu\/wp\/corti\/#breadcrumb"},"inLanguage":"it-IT","potentialAction":[{"@type":"ReadAction","target":["https:\/\/passo1.eu\/wp\/corti\/"]}]},{"@type":"BreadcrumbList","@id":"https:\/\/passo1.eu\/wp\/corti\/#breadcrumb","itemListElement":[{"@type":"ListItem","position":1,"name":"Home","item":"https:\/\/passo1.eu\/wp\/"},{"@type":"ListItem","position":2,"name":"Corti"}]},{"@type":"WebSite","@id":"https:\/\/passo1.eu\/wp\/#website","url":"https:\/\/passo1.eu\/wp\/","name":"Passo Uno","description":"La Carovana del Cinema d&#039;Animazione","potentialAction":[{"@type":"SearchAction","target":{"@type":"EntryPoint","urlTemplate":"https:\/\/passo1.eu\/wp\/?s={search_term_string}"},"query-input":{"@type":"PropertyValueSpecification","valueRequired":true,"valueName":"search_term_string"}}],"inLanguage":"it-IT"}]}},"_links":{"self":[{"href":"https:\/\/passo1.eu\/wp\/wp-json\/wp\/v2\/pages\/216","targetHints":{"allow":["GET"]}}],"collection":[{"href":"https:\/\/passo1.eu\/wp\/wp-json\/wp\/v2\/pages"}],"about":[{"href":"https:\/\/passo1.eu\/wp\/wp-json\/wp\/v2\/types\/page"}],"author":[{"embeddable":true,"href":"https:\/\/passo1.eu\/wp\/wp-json\/wp\/v2\/users\/1"}],"replies":[{"embeddable":true,"href":"https:\/\/passo1.eu\/wp\/wp-json\/wp\/v2\/comments?post=216"}],"version-history":[{"count":7,"href":"https:\/\/passo1.eu\/wp\/wp-json\/wp\/v2\/pages\/216\/revisions"}],"predecessor-version":[{"id":266,"href":"https:\/\/passo1.eu\/wp\/wp-json\/wp\/v2\/pages\/216\/revisions\/266"}],"wp:attachment":[{"href":"https:\/\/passo1.eu\/wp\/wp-json\/wp\/v2\/media?parent=216"}],"curies":[{"name":"wp","href":"https:\/\/api.w.org\/{rel}","templated":true}]}}